{"id":1101,"date":"2020-10-23T20:07:18","date_gmt":"2020-10-23T20:07:18","guid":{"rendered":"https:\/\/www.college-park.us\/product\/guardian\/"},"modified":"2022-12-06T15:48:55","modified_gmt":"2022-12-06T15:48:55","slug":"guardian","status":"publish","type":"product","link":"https:\/\/www.college-park.us\/tr\/urun\/guardian\/","title":{"rendered":"Guardian"},"content":{"rendered":"","protected":false},"excerpt":{"rendered":"<p>Kar\u015f\u0131n\u0131zda yeni ve geli\u015ftirilmi\u015f Guardian diz! Bu, duru\u015f kontrol\u00fc, duru\u015f fleksiyonu ve uzatma deste\u011fi i\u00e7in bir s\u00fcrt\u00fcnme freni bar\u0131nd\u0131ran hafif bir mekanik dizdir. Yeni hastalar i\u00e7in bir rehabilitasyon arac\u0131 veya d\u00fc\u015f\u00fck tempolu kullan\u0131c\u0131lar i\u00e7in kal\u0131c\u0131 bir \u00e7\u00f6z\u00fcm olarak en uygun se\u00e7enektir. Yeni tasarlanm\u0131\u015f dahili kilitleme mekanizmas\u0131 ve ayarlanabilir ayak parma\u011f\u0131 y\u00fck\u00fc hassasiyeti sayesinde, kilitleme ve kilidi a\u00e7ma i\u015flevleri hastalara daha kolay gelebilir. \u015e\u0131k g\u00f6r\u00fcn\u00fcm\u00fc geli\u015ftirmek ve i\u015flev verimlili\u011fini artt\u0131rmak amac\u0131yla m\u00fchendislerimiz dizin her iki yan\u0131ndaki kollar\u0131 \u00e7\u0131kartt\u0131lar. T\u00fcm ayarlamalar art\u0131k kolayca ve i\u00e7eriden yap\u0131labilir! Guardian h\u00e2l\u00e2 tam olarak 145\u00b0&#8217;lik anatomik hareket sa\u011flamaktad\u0131r.<\/p>\n","protected":false},"featured_media":4479,"template":"","meta":{"_acf_changed":false},"product_brand":[],"product_cat":[90],"product_tag":[],"class_list":{"0":"post-1101","1":"product","2":"type-product","3":"status-publish","4":"has-post-thumbnail","6":"product_cat-dizler","8":"first","9":"instock","10":"shipping-taxable","11":"product-type-simple"},"acf":[],"_links":{"self":[{"href":"https:\/\/www.college-park.us\/tr\/wp-json\/wp\/v2\/product\/1101","targetHints":{"allow":["GET"]}}],"collection":[{"href":"https:\/\/www.college-park.us\/tr\/wp-json\/wp\/v2\/product"}],"about":[{"href":"https:\/\/www.college-park.us\/tr\/wp-json\/wp\/v2\/types\/product"}],"wp:featuredmedia":[{"embeddable":true,"href":"https:\/\/www.college-park.us\/tr\/wp-json\/wp\/v2\/media\/4479"}],"wp:attachment":[{"href":"https:\/\/www.college-park.us\/tr\/wp-json\/wp\/v2\/media?parent=1101"}],"wp:term":[{"taxonomy":"product_brand","embeddable":true,"href":"https:\/\/www.college-park.us\/tr\/wp-json\/wp\/v2\/product_brand?post=1101"},{"taxonomy":"product_cat","embeddable":true,"href":"https:\/\/www.college-park.us\/tr\/wp-json\/wp\/v2\/product_cat?post=1101"},{"taxonomy":"product_tag","embeddable":true,"href":"https:\/\/www.college-park.us\/tr\/wp-json\/wp\/v2\/product_tag?post=1101"}],"curies":[{"name":"wp","href":"https:\/\/api.w.org\/{rel}","templated":true}]}}