{"id":1112,"date":"2020-10-23T19:04:38","date_gmt":"2020-10-23T19:04:38","guid":{"rendered":"https:\/\/www.college-park.us\/product\/sidekicks\/"},"modified":"2020-10-23T19:04:38","modified_gmt":"2020-10-23T19:04:38","slug":"sidekicks","status":"publish","type":"product","link":"https:\/\/www.college-park.us\/tr\/urun\/sidekicks\/","title":{"rendered":"Sidekicks"},"content":{"rendered":"","protected":false},"excerpt":{"rendered":"<p>K\u0131salt\u0131lm\u0131\u015f protez uygulamalar\u0131 i\u00e7in ilk ayarlanabilir k\u00fct ayak Sidekicks\u00ae ile tan\u0131\u015f\u0131n. College Park m\u00fchendisleri, Venture\u00ae ayak bile\u011fi teknolojisinden edindikleri 15 y\u0131ll\u0131k bilgiyi Sidekicks&#8217;i geli\u015ftirmek i\u00e7in kulland\u0131. Bunlar, do\u011fal anatomik bilek hareketi ve esnek platform sayesinde, bilateral, transfemoral ampute hastalar i\u00e7in \u00e7ok b\u00fcy\u00fck bir geli\u015fme sa\u011flamaktad\u0131r. Y\u00fcr\u00fcy\u00fc\u015fe uyumlu ve suda kullan\u0131m i\u00e7in onaylanm\u0131\u015f Sidekicks, en iyi denge ve stabilite i\u00e7in ger\u00e7ek d\u00fcnya ortamlar\u0131nda esnek ve dengelidir.<\/p>\n","protected":false},"featured_media":589,"template":"","meta":{"_acf_changed":false},"product_brand":[],"product_cat":[91],"product_tag":[],"class_list":{"0":"post-1112","1":"product","2":"type-product","3":"status-publish","4":"has-post-thumbnail","6":"product_cat-protez-ayak","8":"first","9":"instock","10":"shipping-taxable","11":"product-type-simple"},"acf":[],"_links":{"self":[{"href":"https:\/\/www.college-park.us\/tr\/wp-json\/wp\/v2\/product\/1112","targetHints":{"allow":["GET"]}}],"collection":[{"href":"https:\/\/www.college-park.us\/tr\/wp-json\/wp\/v2\/product"}],"about":[{"href":"https:\/\/www.college-park.us\/tr\/wp-json\/wp\/v2\/types\/product"}],"wp:featuredmedia":[{"embeddable":true,"href":"https:\/\/www.college-park.us\/tr\/wp-json\/wp\/v2\/media\/589"}],"wp:attachment":[{"href":"https:\/\/www.college-park.us\/tr\/wp-json\/wp\/v2\/media?parent=1112"}],"wp:term":[{"taxonomy":"product_brand","embeddable":true,"href":"https:\/\/www.college-park.us\/tr\/wp-json\/wp\/v2\/product_brand?post=1112"},{"taxonomy":"product_cat","embeddable":true,"href":"https:\/\/www.college-park.us\/tr\/wp-json\/wp\/v2\/product_cat?post=1112"},{"taxonomy":"product_tag","embeddable":true,"href":"https:\/\/www.college-park.us\/tr\/wp-json\/wp\/v2\/product_tag?post=1112"}],"curies":[{"name":"wp","href":"https:\/\/api.w.org\/{rel}","templated":true}]}}