{"id":1124,"date":"2020-10-23T18:05:25","date_gmt":"2020-10-23T18:05:25","guid":{"rendered":"https:\/\/www.college-park.us\/product\/accent\/"},"modified":"2021-01-24T22:42:18","modified_gmt":"2021-01-24T22:42:18","slug":"accent","status":"publish","type":"product","link":"https:\/\/www.college-park.us\/tr\/urun\/accent\/","title":{"rendered":"Accent"},"content":{"rendered":"","protected":false},"excerpt":{"rendered":"<h3>MODA \u0130\u00c7\u0130N TASARLANDI. YA\u015eAM \u0130\u00c7\u0130N GEL\u0130\u015eT\u0130R\u0130LD\u0130.<\/h3>\n<p>Accent\u00ae, basit bir butonla 2&#8243; (5 cm) topuk y\u00fcksekli\u011fi de\u011fi\u015fimi sa\u011flar. Ayak, k\u0131l\u0131f i\u00e7ine kilitlenen konturlu, yumu\u015fak ayak bile\u011fi kaplamas\u0131yla gelir ve ayak \u00e7e\u015fitli topuk y\u00fcksekliklerine ayarland\u0131\u011f\u0131nda kozmetik b\u00fck\u00fclmeleri \u00f6nler. Accent, kozmetik olarak iyi g\u00f6r\u00fcnen bir ayak isteyen bireyler i\u00e7in servis gerektirmeyen bir se\u00e7enek sunmaktad\u0131r.<\/p>\n","protected":false},"featured_media":565,"template":"","meta":{"_acf_changed":false},"product_brand":[],"product_cat":[91],"product_tag":[],"class_list":{"0":"post-1124","1":"product","2":"type-product","3":"status-publish","4":"has-post-thumbnail","6":"product_cat-protez-ayak","8":"first","9":"instock","10":"shipping-taxable","11":"product-type-simple"},"acf":[],"_links":{"self":[{"href":"https:\/\/www.college-park.us\/tr\/wp-json\/wp\/v2\/product\/1124","targetHints":{"allow":["GET"]}}],"collection":[{"href":"https:\/\/www.college-park.us\/tr\/wp-json\/wp\/v2\/product"}],"about":[{"href":"https:\/\/www.college-park.us\/tr\/wp-json\/wp\/v2\/types\/product"}],"wp:featuredmedia":[{"embeddable":true,"href":"https:\/\/www.college-park.us\/tr\/wp-json\/wp\/v2\/media\/565"}],"wp:attachment":[{"href":"https:\/\/www.college-park.us\/tr\/wp-json\/wp\/v2\/media?parent=1124"}],"wp:term":[{"taxonomy":"product_brand","embeddable":true,"href":"https:\/\/www.college-park.us\/tr\/wp-json\/wp\/v2\/product_brand?post=1124"},{"taxonomy":"product_cat","embeddable":true,"href":"https:\/\/www.college-park.us\/tr\/wp-json\/wp\/v2\/product_cat?post=1124"},{"taxonomy":"product_tag","embeddable":true,"href":"https:\/\/www.college-park.us\/tr\/wp-json\/wp\/v2\/product_tag?post=1124"}],"curies":[{"name":"wp","href":"https:\/\/api.w.org\/{rel}","templated":true}]}}