{"id":1130,"date":"2020-10-23T16:34:14","date_gmt":"2020-10-23T16:34:14","guid":{"rendered":"https:\/\/www.college-park.us\/product\/breeze\/"},"modified":"2021-01-24T22:41:50","modified_gmt":"2021-01-24T22:41:50","slug":"breeze","status":"publish","type":"product","link":"https:\/\/www.college-park.us\/tr\/urun\/breeze\/","title":{"rendered":"Breeze"},"content":{"rendered":"","protected":false},"excerpt":{"rendered":"<h3>MAKS\u0130MUM TEKNOLOJ\u0130. MAKS\u0130MUM \u00d6ZELL\u0130KLER.<\/h3>\n<p>Breeze\u00ae, College Park&#8217;\u0131n devrim niteli\u011finde K2 aya\u011f\u0131d\u0131r. Standart olarak, bu kategorideki ayaklar basit bir tasar\u0131ma sahiptir. Ancak; Breeze, en y\u00fcksek kalitede College Park teknolojisini kullanmakta ve onu di\u011ferlerinden ay\u0131ran \u00e7e\u015fitli \u00f6zelliklerle gelmektedir. Sudan etkilenmeyen Breeze ayak opsiyonel olarak su tahliye \u00f6zelli\u011fi, korozyona dayan\u0131kl\u0131 materyal ve t\u00fcm sistemi sudan ayr\u0131\u015ft\u0131rmaya yarayan \u00e7ok \u00f6zel modifikasyonlar bar\u0131nd\u0131r\u0131r. Enviroshell ayak k\u0131l\u0131f\u0131 antimikrobik \u00f6zelliklidir, UV \u0131\u015f\u0131n\u0131 inf\u00fcze edilmi\u015f ve parmak ucu ge\u00e7i\u015f hareketini desteklemektedir.. Stoklar\u0131n\u0131zda bulundurmak isteyece\u011finiz Breeze, maksimum \u00e7\u00f6z\u00fcmleri minimum \u00fccretle sa\u011flamaktad\u0131r.<\/p>\n","protected":false},"featured_media":553,"template":"","meta":{"_acf_changed":false},"product_brand":[],"product_cat":[91],"product_tag":[],"class_list":{"0":"post-1130","1":"product","2":"type-product","3":"status-publish","4":"has-post-thumbnail","6":"product_cat-protez-ayak","8":"first","9":"instock","10":"shipping-taxable","11":"product-type-simple"},"acf":[],"_links":{"self":[{"href":"https:\/\/www.college-park.us\/tr\/wp-json\/wp\/v2\/product\/1130","targetHints":{"allow":["GET"]}}],"collection":[{"href":"https:\/\/www.college-park.us\/tr\/wp-json\/wp\/v2\/product"}],"about":[{"href":"https:\/\/www.college-park.us\/tr\/wp-json\/wp\/v2\/types\/product"}],"wp:featuredmedia":[{"embeddable":true,"href":"https:\/\/www.college-park.us\/tr\/wp-json\/wp\/v2\/media\/553"}],"wp:attachment":[{"href":"https:\/\/www.college-park.us\/tr\/wp-json\/wp\/v2\/media?parent=1130"}],"wp:term":[{"taxonomy":"product_brand","embeddable":true,"href":"https:\/\/www.college-park.us\/tr\/wp-json\/wp\/v2\/product_brand?post=1130"},{"taxonomy":"product_cat","embeddable":true,"href":"https:\/\/www.college-park.us\/tr\/wp-json\/wp\/v2\/product_cat?post=1130"},{"taxonomy":"product_tag","embeddable":true,"href":"https:\/\/www.college-park.us\/tr\/wp-json\/wp\/v2\/product_tag?post=1130"}],"curies":[{"name":"wp","href":"https:\/\/api.w.org\/{rel}","templated":true}]}}