{"id":1141,"date":"2020-10-23T14:00:36","date_gmt":"2020-10-23T14:00:36","guid":{"rendered":"https:\/\/www.college-park.us\/product\/tres\/"},"modified":"2021-01-24T22:41:16","modified_gmt":"2021-01-24T22:41:16","slug":"tres","status":"publish","type":"product","link":"https:\/\/www.college-park.us\/tr\/urun\/tres\/","title":{"rendered":"Tr\u00e8s"},"content":{"rendered":"","protected":false},"excerpt":{"rendered":"<h3>TEMPOYU YEN\u0130DEN YAKALAYIN<\/h3>\n<p>Tr\u00e9s\u00ae, kendi s\u0131n\u0131f\u0131ndaki di\u011fer karbon ayaklar\u0131n aksine; ki\u015fiye \u00f6zel opsiyonlar sunar. Tam uzunluktaki \u00f6n ayak omurgas\u0131 sayesinde y\u00fcksek enerji depolan\u0131r ve do\u011fal bir parmak ucu ge\u00e7i\u015fi ger\u00e7ekle\u015fir. K2 aktivite seviyesindeki hastalar i\u00e7in, sa\u011flaml\u0131\u011f\u0131 ve ki\u015fiye \u00f6zel olmas\u0131yla nedeniyle olduk\u00e7a makul bir se\u00e7imdir.<\/p>\n","protected":false},"featured_media":3535,"template":"","meta":{"_acf_changed":false},"product_brand":[],"product_cat":[91],"product_tag":[],"class_list":{"0":"post-1141","1":"product","2":"type-product","3":"status-publish","4":"has-post-thumbnail","6":"product_cat-protez-ayak","8":"first","9":"instock","10":"shipping-taxable","11":"product-type-simple"},"acf":[],"_links":{"self":[{"href":"https:\/\/www.college-park.us\/tr\/wp-json\/wp\/v2\/product\/1141","targetHints":{"allow":["GET"]}}],"collection":[{"href":"https:\/\/www.college-park.us\/tr\/wp-json\/wp\/v2\/product"}],"about":[{"href":"https:\/\/www.college-park.us\/tr\/wp-json\/wp\/v2\/types\/product"}],"wp:featuredmedia":[{"embeddable":true,"href":"https:\/\/www.college-park.us\/tr\/wp-json\/wp\/v2\/media\/3535"}],"wp:attachment":[{"href":"https:\/\/www.college-park.us\/tr\/wp-json\/wp\/v2\/media?parent=1141"}],"wp:term":[{"taxonomy":"product_brand","embeddable":true,"href":"https:\/\/www.college-park.us\/tr\/wp-json\/wp\/v2\/product_brand?post=1141"},{"taxonomy":"product_cat","embeddable":true,"href":"https:\/\/www.college-park.us\/tr\/wp-json\/wp\/v2\/product_cat?post=1141"},{"taxonomy":"product_tag","embeddable":true,"href":"https:\/\/www.college-park.us\/tr\/wp-json\/wp\/v2\/product_tag?post=1141"}],"curies":[{"name":"wp","href":"https:\/\/api.w.org\/{rel}","templated":true}]}}