{"id":1147,"date":"2020-10-22T21:04:44","date_gmt":"2020-10-22T21:04:44","guid":{"rendered":"https:\/\/www.college-park.us\/product\/celsus\/"},"modified":"2021-01-24T22:40:45","modified_gmt":"2021-01-24T22:40:45","slug":"celsus","status":"publish","type":"product","link":"https:\/\/www.college-park.us\/tr\/urun\/celsus\/","title":{"rendered":"Celsus"},"content":{"rendered":"","protected":false},"excerpt":{"rendered":"<h3>D\u00dc\u015e\u00dcK TEPK\u0130 D\u00dc\u015e\u00dcK AKT\u0130V\u0130TE ANLAMINA GELMEZ<\/h3>\n<p>Celsus ayak College Park&#8217;\u0131n yenilik\u00e7i Entegre Yay Teknolojisi(IST) sayesinde y\u00fcksek darbe em\u00fclsiyonu sa\u011flar. Aktif topuk hareketi, \u00fcst\u00fcn zemin temas\u0131 ve istikrarl\u0131 ad\u0131m \u00f6zelliklerine sahiptir. Olduk\u00e7a dayan\u0131kl\u0131 olmas\u0131na ra\u011fmen hafiftir. Celsus d\u00fc\u015f\u00fck aktivitedeki hastalara anatomik y\u00fcr\u00fcy\u00fc\u015f sa\u011flamas\u0131 a\u00e7\u0131s\u0131ndan olduk\u00e7a iyi bir se\u00e7imdir.<\/p>\n","protected":false},"featured_media":535,"template":"","meta":{"_acf_changed":false},"product_cat":[91],"product_tag":[],"acf":[],"_links":{"self":[{"href":"https:\/\/www.college-park.us\/tr\/wp-json\/wp\/v2\/product\/1147"}],"collection":[{"href":"https:\/\/www.college-park.us\/tr\/wp-json\/wp\/v2\/product"}],"about":[{"href":"https:\/\/www.college-park.us\/tr\/wp-json\/wp\/v2\/types\/product"}],"wp:featuredmedia":[{"embeddable":true,"href":"https:\/\/www.college-park.us\/tr\/wp-json\/wp\/v2\/media\/535"}],"wp:attachment":[{"href":"https:\/\/www.college-park.us\/tr\/wp-json\/wp\/v2\/media?parent=1147"}],"wp:term":[{"taxonomy":"product_cat","embeddable":true,"href":"https:\/\/www.college-park.us\/tr\/wp-json\/wp\/v2\/product_cat?post=1147"},{"taxonomy":"product_tag","embeddable":true,"href":"https:\/\/www.college-park.us\/tr\/wp-json\/wp\/v2\/product_tag?post=1147"}],"curies":[{"name":"wp","href":"https:\/\/api.w.org\/{rel}","templated":true}]}}