{"id":1153,"date":"2020-10-22T20:51:40","date_gmt":"2020-10-22T20:51:40","guid":{"rendered":"https:\/\/www.college-park.us\/product\/odyssey-k2\/"},"modified":"2021-01-24T22:39:55","modified_gmt":"2021-01-24T22:39:55","slug":"odyssey-k2","status":"publish","type":"product","link":"https:\/\/www.college-park.us\/tr\/urun\/odyssey-k2\/","title":{"rendered":"Odyssey K2"},"content":{"rendered":"","protected":false},"excerpt":{"rendered":"<h3>AKICI E\u011e\u0130M AVANTAJI<\/h3>\n<p>Hidrolik ayak, K2 hastalar\u0131na harika bir kontroll\u00fc hareket aral\u0131\u011f\u0131 sa\u011flaman\u0131n yan\u0131 s\u0131ra kuvvet emilimine yard\u0131m eder, diz stabilitesini art\u0131r\u0131r ve do\u011fru duru\u015fu destekler. Ayn\u0131 zamanda, rahat ve do\u011fal bir g\u00f6r\u00fcn\u00fcm i\u00e7in hastaya aya\u011fa kalkarken s\u0131v\u0131 ge\u00e7i\u015fi sayesinde aya\u011f\u0131 d\u00fcz tutma becerisi de verir. College Park \u00fcr\u00fcn\u00fc Odyssey K2\u00ae ayakta patentli e\u011fimli hidrolik ayak bile\u011fi, Intelliweave\u00ae kompozit ayak taban\u0131 ve \u00f6zelle\u015ftirilebilir \u00e7ift Stride Control\u00ae bulunur. Devrim niteli\u011findeki bu ayak, K2 hastalar\u0131 i\u00e7in faydalar\u0131n rakipsiz birle\u015fimi i\u00e7in hafif ve d\u00fc\u015f\u00fck profilli bir tasar\u0131mla \u00fcst\u00fcn hareket aral\u0131\u011f\u0131 sa\u011flar.<\/p>\n","protected":false},"featured_media":527,"template":"","meta":{"_acf_changed":false},"product_brand":[],"product_cat":[91],"product_tag":[],"class_list":{"0":"post-1153","1":"product","2":"type-product","3":"status-publish","4":"has-post-thumbnail","6":"product_cat-protez-ayak","8":"first","9":"instock","10":"shipping-taxable","11":"product-type-simple"},"acf":[],"_links":{"self":[{"href":"https:\/\/www.college-park.us\/tr\/wp-json\/wp\/v2\/product\/1153","targetHints":{"allow":["GET"]}}],"collection":[{"href":"https:\/\/www.college-park.us\/tr\/wp-json\/wp\/v2\/product"}],"about":[{"href":"https:\/\/www.college-park.us\/tr\/wp-json\/wp\/v2\/types\/product"}],"wp:featuredmedia":[{"embeddable":true,"href":"https:\/\/www.college-park.us\/tr\/wp-json\/wp\/v2\/media\/527"}],"wp:attachment":[{"href":"https:\/\/www.college-park.us\/tr\/wp-json\/wp\/v2\/media?parent=1153"}],"wp:term":[{"taxonomy":"product_brand","embeddable":true,"href":"https:\/\/www.college-park.us\/tr\/wp-json\/wp\/v2\/product_brand?post=1153"},{"taxonomy":"product_cat","embeddable":true,"href":"https:\/\/www.college-park.us\/tr\/wp-json\/wp\/v2\/product_cat?post=1153"},{"taxonomy":"product_tag","embeddable":true,"href":"https:\/\/www.college-park.us\/tr\/wp-json\/wp\/v2\/product_tag?post=1153"}],"curies":[{"name":"wp","href":"https:\/\/api.w.org\/{rel}","templated":true}]}}