{"id":1158,"date":"2020-10-22T20:41:14","date_gmt":"2020-10-22T20:41:14","guid":{"rendered":"https:\/\/www.college-park.us\/product\/odyssey-k3\/"},"modified":"2021-01-24T22:39:25","modified_gmt":"2021-01-24T22:39:25","slug":"odyssey-k3","status":"publish","type":"product","link":"https:\/\/www.college-park.us\/tr\/urun\/odyssey-k3\/","title":{"rendered":"Odyssey K3"},"content":{"rendered":"","protected":false},"excerpt":{"rendered":"<h3>D\u0130NAM\u0130K E\u011e\u0130M AVANTAJI<\/h3>\n<p>College Park&#8217;\u0131n Odyssey hidrolik ayak serisindeki bir sonraki ad\u0131m\u0131yla tan\u0131\u015f\u0131n. Hidrolik ayak bile\u011fi; zemin temas\u0131n\u0131 art\u0131rmak, soket bas\u0131nc\u0131s\u0131n\u0131 azaltmak ve diz eklemini daha stabil bir hale getirmek amac\u0131yla \u00fcretilmi\u015ftir. OdysseyK3 g\u00fc\u00e7lendirilmi\u015f e\u011fimli hidrolik ayak bile\u011fi ve y\u00fcksek aktivitelerde yan\u0131t verebilecek karbon fiber omurgadan olu\u015fmaktad\u0131r. Dayan\u0131kl\u0131 hidrolik blok ve a\u00e7\u0131sal konumland\u0131rma, K3 aktivitesindeki hastalar\u0131n hi\u00e7 bir destek almadan ak\u0131c\u0131 bir y\u00fcr\u00fcy\u00fc\u015f yapabilece\u011fi \u015fekilde dizayn edilmi\u015ftir. E\u011fimli hidrolik ayak bile\u011fi ve y\u00fcksek freakans yan\u0131tl\u0131 karbon fiber omurgan\u0131n kombine \u00e7al\u0131\u015fmas\u0131, spor ama\u00e7l\u0131 arazi y\u00fcr\u00fcy\u00fc\u015flerinde y\u00fcksek performans sergilerken, d\u00fcz zeminlerde de ak\u0131c\u0131 ve ger\u00e7ek\u00e7i bir y\u00fcr\u00fcy\u00fc\u015f sa\u011flar.<\/p>\n","protected":false},"featured_media":517,"template":"","meta":{"_acf_changed":false},"product_cat":[91],"product_tag":[],"acf":[],"_links":{"self":[{"href":"https:\/\/www.college-park.us\/tr\/wp-json\/wp\/v2\/product\/1158"}],"collection":[{"href":"https:\/\/www.college-park.us\/tr\/wp-json\/wp\/v2\/product"}],"about":[{"href":"https:\/\/www.college-park.us\/tr\/wp-json\/wp\/v2\/types\/product"}],"wp:featuredmedia":[{"embeddable":true,"href":"https:\/\/www.college-park.us\/tr\/wp-json\/wp\/v2\/media\/517"}],"wp:attachment":[{"href":"https:\/\/www.college-park.us\/tr\/wp-json\/wp\/v2\/media?parent=1158"}],"wp:term":[{"taxonomy":"product_cat","embeddable":true,"href":"https:\/\/www.college-park.us\/tr\/wp-json\/wp\/v2\/product_cat?post=1158"},{"taxonomy":"product_tag","embeddable":true,"href":"https:\/\/www.college-park.us\/tr\/wp-json\/wp\/v2\/product_tag?post=1158"}],"curies":[{"name":"wp","href":"https:\/\/api.w.org\/{rel}","templated":true}]}}