{"id":1170,"date":"2020-10-22T18:46:44","date_gmt":"2020-10-22T18:46:44","guid":{"rendered":"https:\/\/www.college-park.us\/product\/tribute\/"},"modified":"2021-01-24T22:38:05","modified_gmt":"2021-01-24T22:38:05","slug":"tribute","status":"publish","type":"product","link":"https:\/\/www.college-park.us\/tr\/urun\/tribute\/","title":{"rendered":"Tribute"},"content":{"rendered":"","protected":false},"excerpt":{"rendered":"<h3>SOSYAL MOB\u0130L\u0130TE<\/h3>\n<p>Tribute Tri-Aksiyel dizayn ve Intelliweave\u00ae kompozit teknolojisinin bile\u015fimiyle olduk\u00e7a g\u00fcvenilir bir performans sunar. Hafif lik, dayan\u0131kl\u0131l\u0131k ve ayak taban\u0131n\u0131n ba\u015ftan sona olu\u015fturan \u015fesesiyle, \u00fcst\u00fcn hareket kabiliyeti ve zorlu arazilerde zemine sa\u011flam tutunmay\u0131 sa\u011flar. Tribute Ayak K3 aktivite seviyesindeki hastalar i\u00e7in fiyat, sa\u011flaml\u0131k ve fonksiyonellik de\u011ferleri bak\u0131m\u0131ndan en optimal se\u00e7enektir.<\/p>\n","protected":false},"featured_media":491,"template":"","meta":{"_acf_changed":false},"product_cat":[91],"product_tag":[],"acf":[],"_links":{"self":[{"href":"https:\/\/www.college-park.us\/tr\/wp-json\/wp\/v2\/product\/1170"}],"collection":[{"href":"https:\/\/www.college-park.us\/tr\/wp-json\/wp\/v2\/product"}],"about":[{"href":"https:\/\/www.college-park.us\/tr\/wp-json\/wp\/v2\/types\/product"}],"wp:featuredmedia":[{"embeddable":true,"href":"https:\/\/www.college-park.us\/tr\/wp-json\/wp\/v2\/media\/491"}],"wp:attachment":[{"href":"https:\/\/www.college-park.us\/tr\/wp-json\/wp\/v2\/media?parent=1170"}],"wp:term":[{"taxonomy":"product_cat","embeddable":true,"href":"https:\/\/www.college-park.us\/tr\/wp-json\/wp\/v2\/product_cat?post=1170"},{"taxonomy":"product_tag","embeddable":true,"href":"https:\/\/www.college-park.us\/tr\/wp-json\/wp\/v2\/product_tag?post=1170"}],"curies":[{"name":"wp","href":"https:\/\/api.w.org\/{rel}","templated":true}]}}