{"id":1176,"date":"2020-10-22T17:14:59","date_gmt":"2020-10-22T17:14:59","guid":{"rendered":"https:\/\/www.college-park.us\/product\/trustep\/"},"modified":"2021-01-24T22:37:39","modified_gmt":"2021-01-24T22:37:39","slug":"trustep","status":"publish","type":"product","link":"https:\/\/www.college-park.us\/tr\/urun\/trustep\/","title":{"rendered":"Trustep"},"content":{"rendered":"","protected":false},"excerpt":{"rendered":"<h3>G\u00dcNL\u00dcK KULLANIM \u0130\u00c7\u0130N EN \u0130DEAL TERC\u0130H<\/h3>\n<p>\u00d6zg\u00fcn ve rakipsiz bir ayak olan Trustep;kullan\u0131c\u0131s\u0131na sa\u011flad\u0131\u011f\u0131 e\u015fsiz konfor ve s\u0131n\u0131rs\u0131z, ger\u00e7e\u011fe \u00e7ok yak\u0131n hareket kabiliyeti ile standartlar\u0131n olduk\u00e7a \u00fcst\u00fcndedir. Ger\u00e7ek bir insan aya\u011f\u0131n\u0131n t\u00fcm d\u00fczlemlerdeki hareketlerini neredeyse birebir olarak ger\u00e7ekle\u015ftirebilen anatomik bir dizayna sahiptir. T\u0131pk\u0131 ger\u00e7ek insan ayak anatomisinde g\u00f6r\u00fcld\u00fc\u011f\u00fc gibi; dorsi ve plantar fleksiyon, eversiyon-inversiyon, transvers rotasyon ve dikey s\u00fcspansiyon hareketlerini ger\u00e7ekle\u015ftirebilir.<\/p>\n","protected":false},"featured_media":475,"template":"","meta":{"_acf_changed":false},"product_brand":[],"product_cat":[91],"product_tag":[],"class_list":{"0":"post-1176","1":"product","2":"type-product","3":"status-publish","4":"has-post-thumbnail","6":"product_cat-protez-ayak","8":"first","9":"instock","10":"shipping-taxable","11":"product-type-simple"},"acf":[],"_links":{"self":[{"href":"https:\/\/www.college-park.us\/tr\/wp-json\/wp\/v2\/product\/1176","targetHints":{"allow":["GET"]}}],"collection":[{"href":"https:\/\/www.college-park.us\/tr\/wp-json\/wp\/v2\/product"}],"about":[{"href":"https:\/\/www.college-park.us\/tr\/wp-json\/wp\/v2\/types\/product"}],"wp:featuredmedia":[{"embeddable":true,"href":"https:\/\/www.college-park.us\/tr\/wp-json\/wp\/v2\/media\/475"}],"wp:attachment":[{"href":"https:\/\/www.college-park.us\/tr\/wp-json\/wp\/v2\/media?parent=1176"}],"wp:term":[{"taxonomy":"product_brand","embeddable":true,"href":"https:\/\/www.college-park.us\/tr\/wp-json\/wp\/v2\/product_brand?post=1176"},{"taxonomy":"product_cat","embeddable":true,"href":"https:\/\/www.college-park.us\/tr\/wp-json\/wp\/v2\/product_cat?post=1176"},{"taxonomy":"product_tag","embeddable":true,"href":"https:\/\/www.college-park.us\/tr\/wp-json\/wp\/v2\/product_tag?post=1176"}],"curies":[{"name":"wp","href":"https:\/\/api.w.org\/{rel}","templated":true}]}}