{"id":1182,"date":"2020-10-22T13:27:23","date_gmt":"2020-10-22T13:27:23","guid":{"rendered":"https:\/\/www.college-park.us\/product\/venture\/"},"modified":"2021-01-24T22:36:27","modified_gmt":"2021-01-24T22:36:27","slug":"venture","status":"publish","type":"product","link":"https:\/\/www.college-park.us\/tr\/urun\/venture\/","title":{"rendered":"Venture"},"content":{"rendered":"","protected":false},"excerpt":{"rendered":"<h3>M\u00dcKEMMEL KOMB\u0130NASYON<\/h3>\n<p>Venture, uzun \u00f6n ayak b\u00f6l\u00fcm\u00fc sayesinde, \u00e7ok y\u00fcksek aktiviteye sahip hastalara ihtiya\u00e7 duyduklar\u0131 y\u00fcksek frekansl\u0131 dinamik tepkileri sa\u011flar. Y\u00fcksek teknoloji \u00fcr\u00fcn\u00fc bur\u00e7lu bilek sistemi ve esnek Intelliweave\u00ae karbon kompozit kombine \u00e7al\u0131\u015farak, m\u00fckemmel uyum g\u00f6sterir. Stride Control\u2122 mekanizmas\u0131 ve Tri-Aksiyel teknolojisiyle, herhangi bir s\u00f6kme i\u015flemine gerek kalmadan ki\u015fiye \u00f6zel hale getirilebilir.<\/p>\n","protected":false},"featured_media":461,"template":"","meta":{"_acf_changed":false},"product_cat":[91],"product_tag":[],"acf":[],"_links":{"self":[{"href":"https:\/\/www.college-park.us\/tr\/wp-json\/wp\/v2\/product\/1182"}],"collection":[{"href":"https:\/\/www.college-park.us\/tr\/wp-json\/wp\/v2\/product"}],"about":[{"href":"https:\/\/www.college-park.us\/tr\/wp-json\/wp\/v2\/types\/product"}],"wp:featuredmedia":[{"embeddable":true,"href":"https:\/\/www.college-park.us\/tr\/wp-json\/wp\/v2\/media\/461"}],"wp:attachment":[{"href":"https:\/\/www.college-park.us\/tr\/wp-json\/wp\/v2\/media?parent=1182"}],"wp:term":[{"taxonomy":"product_cat","embeddable":true,"href":"https:\/\/www.college-park.us\/tr\/wp-json\/wp\/v2\/product_cat?post=1182"},{"taxonomy":"product_tag","embeddable":true,"href":"https:\/\/www.college-park.us\/tr\/wp-json\/wp\/v2\/product_tag?post=1182"}],"curies":[{"name":"wp","href":"https:\/\/api.w.org\/{rel}","templated":true}]}}