{"id":1188,"date":"2020-10-21T20:49:32","date_gmt":"2020-10-21T20:49:32","guid":{"rendered":"https:\/\/www.college-park.us\/product\/velocity\/"},"modified":"2021-01-24T22:32:29","modified_gmt":"2021-01-24T22:32:29","slug":"velocity","status":"publish","type":"product","link":"https:\/\/www.college-park.us\/tr\/urun\/velocity\/","title":{"rendered":"Velocity"},"content":{"rendered":"","protected":false},"excerpt":{"rendered":"<h3>HAREKETE GE\u00c7<\/h3>\n<p>Yak\u0131n zamanda yeniden tasarlanm\u0131\u015f, g\u00fc\u00e7lendirilmi\u015f Velocity&#8217;nin ikili \u00f6n yaylar\u0131 kombine \u00e7al\u0131\u015farak olduk\u00e7a dinamik ve kademeli tepkiler sa\u011flar. Konforlu bir y\u00fcr\u00fcy\u00fc\u015f sa\u011flarken birden vites art\u0131r\u0131p \u00e7ok y\u00fcksek aktivitelerde s\u0131n\u0131rlar\u0131 zorlaman\u0131za da olanak sa\u011flar. Heyecan arayanlar i\u00e7in i\u015flevselli\u011fi ve performans\u0131 bir araya getirir. Ayr\u0131ca hi\u00e7bir ayarlama ve bak\u0131m gerektirmez.<\/p>\n","protected":false},"featured_media":451,"template":"","meta":{"_acf_changed":false},"product_brand":[],"product_cat":[91],"product_tag":[],"class_list":{"0":"post-1188","1":"product","2":"type-product","3":"status-publish","4":"has-post-thumbnail","6":"product_cat-protez-ayak","8":"first","9":"instock","10":"shipping-taxable","11":"product-type-simple"},"acf":[],"_links":{"self":[{"href":"https:\/\/www.college-park.us\/tr\/wp-json\/wp\/v2\/product\/1188","targetHints":{"allow":["GET"]}}],"collection":[{"href":"https:\/\/www.college-park.us\/tr\/wp-json\/wp\/v2\/product"}],"about":[{"href":"https:\/\/www.college-park.us\/tr\/wp-json\/wp\/v2\/types\/product"}],"wp:featuredmedia":[{"embeddable":true,"href":"https:\/\/www.college-park.us\/tr\/wp-json\/wp\/v2\/media\/451"}],"wp:attachment":[{"href":"https:\/\/www.college-park.us\/tr\/wp-json\/wp\/v2\/media?parent=1188"}],"wp:term":[{"taxonomy":"product_brand","embeddable":true,"href":"https:\/\/www.college-park.us\/tr\/wp-json\/wp\/v2\/product_brand?post=1188"},{"taxonomy":"product_cat","embeddable":true,"href":"https:\/\/www.college-park.us\/tr\/wp-json\/wp\/v2\/product_cat?post=1188"},{"taxonomy":"product_tag","embeddable":true,"href":"https:\/\/www.college-park.us\/tr\/wp-json\/wp\/v2\/product_tag?post=1188"}],"curies":[{"name":"wp","href":"https:\/\/api.w.org\/{rel}","templated":true}]}}