{"id":2665,"date":"2022-01-27T14:19:36","date_gmt":"2022-01-27T14:19:36","guid":{"rendered":"https:\/\/www.college-park.us\/?post_type=product&#038;p=2665"},"modified":"2022-01-27T19:13:22","modified_gmt":"2022-01-27T19:13:22","slug":"scout","status":"publish","type":"product","link":"https:\/\/www.college-park.us\/tr\/urun\/scout\/","title":{"rendered":"Scout"},"content":{"rendered":"","protected":false},"excerpt":{"rendered":"<h2>Macera Kolayla\u015ft\u0131<\/h2>\n<p>Scout, \u00e7ocuklara ayak uydurmak i\u00e7in g\u00fcvenilir enerji ve b\u00fcy\u00fcne sunar. College Park\u2019\u0131n Intelliweave\u00ae kompozit teknolojisini dayan\u0131kl\u0131 karbon fiber ile birle\u015ftiren bu pediyatrik ayak, sorunsuz hareket, kuvvet ve oynamak i\u00e7in esneklik sunacak \u015fekilde tasarlanm\u0131\u015ft\u0131r. \u00c7ocuklar her ge\u00e7en g\u00fcn b\u00fcy\u00fcy\u00fcp de\u011fi\u015ftiklerinden Scout, geni\u015f beden yelpazesi ve b\u00fcy\u00fcyen ayak kabu\u011fu \u00f6zellikleriyle bu yolculu\u011fu destekliyor. \u00c7ocu\u011funuzun \u00f6zel ihtiya\u00e7lar\u0131n\u0131 kar\u015f\u0131layabilmek ad\u0131na d\u00f6rt farkl\u0131 montaj se\u00e7ene\u011fi sunuyor. Bu bak\u0131m gerektirmeyen ayak, hafiftir, suya girebilir ve gen\u00e7ler i\u00e7in tasarlanm\u0131\u015ft\u0131r. <\/p>\n","protected":false},"featured_media":2679,"template":"","meta":{"_acf_changed":false},"product_brand":[],"product_cat":[91],"product_tag":[],"class_list":{"0":"post-2665","1":"product","2":"type-product","3":"status-publish","4":"has-post-thumbnail","6":"product_cat-protez-ayak","8":"first","9":"instock","10":"shipping-taxable","11":"product-type-simple"},"acf":[],"_links":{"self":[{"href":"https:\/\/www.college-park.us\/tr\/wp-json\/wp\/v2\/product\/2665","targetHints":{"allow":["GET"]}}],"collection":[{"href":"https:\/\/www.college-park.us\/tr\/wp-json\/wp\/v2\/product"}],"about":[{"href":"https:\/\/www.college-park.us\/tr\/wp-json\/wp\/v2\/types\/product"}],"wp:featuredmedia":[{"embeddable":true,"href":"https:\/\/www.college-park.us\/tr\/wp-json\/wp\/v2\/media\/2679"}],"wp:attachment":[{"href":"https:\/\/www.college-park.us\/tr\/wp-json\/wp\/v2\/media?parent=2665"}],"wp:term":[{"taxonomy":"product_brand","embeddable":true,"href":"https:\/\/www.college-park.us\/tr\/wp-json\/wp\/v2\/product_brand?post=2665"},{"taxonomy":"product_cat","embeddable":true,"href":"https:\/\/www.college-park.us\/tr\/wp-json\/wp\/v2\/product_cat?post=2665"},{"taxonomy":"product_tag","embeddable":true,"href":"https:\/\/www.college-park.us\/tr\/wp-json\/wp\/v2\/product_tag?post=2665"}],"curies":[{"name":"wp","href":"https:\/\/api.w.org\/{rel}","templated":true}]}}