{"id":2783,"date":"2022-01-27T14:35:24","date_gmt":"2022-01-27T14:35:24","guid":{"rendered":"https:\/\/www.college-park.us\/product\/adaptoru\/"},"modified":"2022-01-27T15:19:48","modified_gmt":"2022-01-27T15:19:48","slug":"adaptoru","status":"publish","type":"product","link":"https:\/\/www.college-park.us\/tr\/urun\/adaptoru\/","title":{"rendered":"Torsiyon Adapt\u00f6r\u00fc"},"content":{"rendered":"","protected":false},"excerpt":{"rendered":"<p>College Park\u2019\u0131n yeni torsiyon adapt\u00f6rleri, hastan\u0131n soketine ve rezid\u00fcel uzvuna uygulanan kuvveti azalt\u0131rken sorunsuz rotasyon sa\u011flamak \u00fczere tasarlanm\u0131\u015ft\u0131r. Titanyum ve paslanmaz \u00e7elikten yap\u0131lan bu dayan\u0131kl\u0131 bile\u015fen, protez uzmanlar\u0131 taraf\u0131ndan kolayca ayarlanabilir. Maksimum 20\u00b0 i\u00e7 ve d\u0131\u015f rotasyon sa\u011flamaktad\u0131r. Kullan\u0131c\u0131lar, kolayca b\u00fckebilir ve d\u00f6nd\u00fcrebilir, bu da y\u00fcr\u00fcme veya golf, kaykay ve tenis gibi e\u011flence faaliyetlerini ger\u00e7ekle\u015ftirirken rahatl\u0131\u011f\u0131 iyile\u015ftirebilir.<\/p>\n","protected":false},"featured_media":2719,"template":"","meta":{"_acf_changed":false},"product_brand":[],"product_cat":[89],"product_tag":[],"class_list":{"0":"post-2783","1":"product","2":"type-product","3":"status-publish","4":"has-post-thumbnail","6":"product_cat-alt-uzuv","8":"first","9":"instock","10":"shipping-taxable","11":"product-type-simple"},"acf":[],"_links":{"self":[{"href":"https:\/\/www.college-park.us\/tr\/wp-json\/wp\/v2\/product\/2783","targetHints":{"allow":["GET"]}}],"collection":[{"href":"https:\/\/www.college-park.us\/tr\/wp-json\/wp\/v2\/product"}],"about":[{"href":"https:\/\/www.college-park.us\/tr\/wp-json\/wp\/v2\/types\/product"}],"wp:featuredmedia":[{"embeddable":true,"href":"https:\/\/www.college-park.us\/tr\/wp-json\/wp\/v2\/media\/2719"}],"wp:attachment":[{"href":"https:\/\/www.college-park.us\/tr\/wp-json\/wp\/v2\/media?parent=2783"}],"wp:term":[{"taxonomy":"product_brand","embeddable":true,"href":"https:\/\/www.college-park.us\/tr\/wp-json\/wp\/v2\/product_brand?post=2783"},{"taxonomy":"product_cat","embeddable":true,"href":"https:\/\/www.college-park.us\/tr\/wp-json\/wp\/v2\/product_cat?post=2783"},{"taxonomy":"product_tag","embeddable":true,"href":"https:\/\/www.college-park.us\/tr\/wp-json\/wp\/v2\/product_tag?post=2783"}],"curies":[{"name":"wp","href":"https:\/\/api.w.org\/{rel}","templated":true}]}}