{"id":3690,"date":"2022-07-22T19:16:41","date_gmt":"2022-07-22T19:16:41","guid":{"rendered":"https:\/\/www.college-park.us\/product\/orbit\/"},"modified":"2022-07-24T19:18:23","modified_gmt":"2022-07-24T19:18:23","slug":"orbit","status":"publish","type":"product","link":"https:\/\/www.college-park.us\/tr\/urun\/orbit\/","title":{"rendered":"Orbit"},"content":{"rendered":"","protected":false},"excerpt":{"rendered":"<h2>D\u00d6N\u00dc\u015e NOKTASI<\/h2>\n<p>D\u00fcnya ger\u00e7ekten sizin etraf\u0131n\u0131zda d\u00f6n\u00fcyor. Yeni Orbit ayak, yumu\u015fak d\u00f6n\u00fc\u015f ve ge\u00e7i\u015f hareketi sa\u011flamak i\u00e7in tasarlanm\u0131\u015ft\u0131r. College Park&#8217;\u0131n benzersiz, yerle\u015fik torsiyon \u00f6zelli\u011fi, golf, beysbol, tenis ve daha fazlas\u0131 i\u00e7in konforu art\u0131rabilecek entegre enerji geri d\u00f6n\u00fc\u015f\u00fcne sahiptir! Dayan\u0131kl\u0131 Orbit, inan\u0131lmaz derecede d\u00fc\u015f\u00fck bir profil ve toplam 40\u00b0 d\u00f6n\u00fc\u015f aral\u0131\u011f\u0131 sunar. Bu ayak ayn\u0131 zamanda College Park&#8217;\u0131n karbon fiber tasar\u0131m\u0131ndaki kompozit uzmanl\u0131\u011f\u0131n\u0131 da i\u00e7erir ve d\u00fc\u015f\u00fck ila y\u00fcksek darbeli faaliyetler s\u0131ras\u0131nda dinamik bir yan\u0131t sa\u011flanmas\u0131na yard\u0131mc\u0131 olur.<\/p>\n","protected":false},"featured_media":3578,"template":"","meta":{"_acf_changed":false},"product_brand":[],"product_cat":[91],"product_tag":[],"class_list":{"0":"post-3690","1":"product","2":"type-product","3":"status-publish","4":"has-post-thumbnail","6":"product_cat-protez-ayak","8":"first","9":"instock","10":"shipping-taxable","11":"product-type-simple"},"acf":[],"_links":{"self":[{"href":"https:\/\/www.college-park.us\/tr\/wp-json\/wp\/v2\/product\/3690","targetHints":{"allow":["GET"]}}],"collection":[{"href":"https:\/\/www.college-park.us\/tr\/wp-json\/wp\/v2\/product"}],"about":[{"href":"https:\/\/www.college-park.us\/tr\/wp-json\/wp\/v2\/types\/product"}],"wp:featuredmedia":[{"embeddable":true,"href":"https:\/\/www.college-park.us\/tr\/wp-json\/wp\/v2\/media\/3578"}],"wp:attachment":[{"href":"https:\/\/www.college-park.us\/tr\/wp-json\/wp\/v2\/media?parent=3690"}],"wp:term":[{"taxonomy":"product_brand","embeddable":true,"href":"https:\/\/www.college-park.us\/tr\/wp-json\/wp\/v2\/product_brand?post=3690"},{"taxonomy":"product_cat","embeddable":true,"href":"https:\/\/www.college-park.us\/tr\/wp-json\/wp\/v2\/product_cat?post=3690"},{"taxonomy":"product_tag","embeddable":true,"href":"https:\/\/www.college-park.us\/tr\/wp-json\/wp\/v2\/product_tag?post=3690"}],"curies":[{"name":"wp","href":"https:\/\/api.w.org\/{rel}","templated":true}]}}