{"id":3746,"date":"2022-07-22T19:25:23","date_gmt":"2022-09-06T13:13:10","guid":{"rendered":"https:\/\/www.college-park.us\/?post_type=product&#038;p=3746"},"modified":"2022-09-06T13:13:10","modified_gmt":"2022-09-06T13:13:10","slug":"terrain","status":"publish","type":"product","link":"https:\/\/www.college-park.us\/tr\/urun\/terrain\/","title":{"rendered":"Terrain"},"content":{"rendered":"","protected":false},"excerpt":{"rendered":"<h2>SA\u011eLAM BASIN<\/h2>\n<p>Hayat\u0131n engebeli yollar\u0131nda rahatl\u0131kla gezinin. Terrain ayak, d\u00fc\u015f\u00fck profilli bir tasar\u0131mda anatomik ayak bile\u011fi hareketi ve enerji geri d\u00f6n\u00fc\u015f\u00fc elde etmek i\u00e7in tasarlanm\u0131\u015ft\u0131r. College Park, \u00fc\u00e7 eksenli teknoloji uzmanl\u0131\u011f\u0131n\u0131 yeni bir \u015fekilde kullan\u0131yor. \u00c7ok y\u00f6nl\u00fc ve servis gerektirmeyen Terrain, d\u00fc\u015f\u00fck ila y\u00fcksek darbeli faaliyetler s\u0131ras\u0131nda ilerleyici, rahat bir tepki i\u00e7in bilek g\u00f6vdesi i\u00e7inde bir karbon fiber taban ve kal\u0131c\u0131 tamponlar i\u00e7ermektedir.<\/p>\n","protected":false},"featured_media":3631,"template":"","meta":{"_acf_changed":false},"product_brand":[],"product_cat":[91],"product_tag":[],"class_list":{"0":"post-3746","1":"product","2":"type-product","3":"status-publish","4":"has-post-thumbnail","6":"product_cat-protez-ayak","8":"first","9":"instock","10":"shipping-taxable","11":"product-type-simple"},"acf":[],"_links":{"self":[{"href":"https:\/\/www.college-park.us\/tr\/wp-json\/wp\/v2\/product\/3746","targetHints":{"allow":["GET"]}}],"collection":[{"href":"https:\/\/www.college-park.us\/tr\/wp-json\/wp\/v2\/product"}],"about":[{"href":"https:\/\/www.college-park.us\/tr\/wp-json\/wp\/v2\/types\/product"}],"wp:featuredmedia":[{"embeddable":true,"href":"https:\/\/www.college-park.us\/tr\/wp-json\/wp\/v2\/media\/3631"}],"wp:attachment":[{"href":"https:\/\/www.college-park.us\/tr\/wp-json\/wp\/v2\/media?parent=3746"}],"wp:term":[{"taxonomy":"product_brand","embeddable":true,"href":"https:\/\/www.college-park.us\/tr\/wp-json\/wp\/v2\/product_brand?post=3746"},{"taxonomy":"product_cat","embeddable":true,"href":"https:\/\/www.college-park.us\/tr\/wp-json\/wp\/v2\/product_cat?post=3746"},{"taxonomy":"product_tag","embeddable":true,"href":"https:\/\/www.college-park.us\/tr\/wp-json\/wp\/v2\/product_tag?post=3746"}],"curies":[{"name":"wp","href":"https:\/\/api.w.org\/{rel}","templated":true}]}}