{"id":3770,"date":"2022-10-20T14:56:20","date_gmt":"2022-10-20T14:56:22","guid":{"rendered":"https:\/\/www.college-park.us\/?post_type=product&#038;p=3770"},"modified":"2022-10-26T20:57:22","modified_gmt":"2022-10-26T20:57:22","slug":"celsus-ivt","status":"publish","type":"product","link":"https:\/\/www.college-park.us\/tr\/urun\/celsus-ivt\/","title":{"rendered":"Celsus iVT"},"content":{"rendered":"","protected":false},"excerpt":{"rendered":"<h3>D\u00dc\u015e\u00dcK TEPK\u0130 D\u00dc\u015e\u00dcK AKT\u0130V\u0130TE ANLAMINA GELMEZ<\/h3>\n<p>Vakum sistemleri; uzuv hacmi dalgalanmalar\u0131n\u0131 ve piston hareketini azaltarak hastalar\u0131na b\u00fcy\u00fck yarar sa\u011flayabilir.<sup>[1,2,3]<\/sup> College Park&#8217;\u0131n Entegre Vakum Teknolojisi (iVT), 20 inHg d\u00fczeyine daha az say\u0131da ad\u0131mda \u00e7\u0131kmak i\u00e7in tasarlanm\u0131\u015ft\u0131r ve hastalar\u0131n etkin bir \u015fekilde optimum vakum elde etmesini sa\u011flar.* Rezid\u00fcel uzva geli\u015fmi\u015f s\u00fcspansiyonlar sa\u011flayan bu d\u00fc\u015f\u00fck profilli ayak, konforu ve genel uzuv sa\u011fl\u0131\u011f\u0131n\u0131 geli\u015ftirebilir. Celsus iVT ayr\u0131ca enerji, g\u00fc\u00e7 ve esneklik i\u00e7in Integrated Spring Technology (iST\u00ae) ve Intelliweave\u00ae kompozitlerine sahiptir. <\/p>\n<p style=\"font-size:14px;\"><i>*Sonu\u00e7lar etki ve faaliyete g\u00f6re de\u011fi\u015febilir. 18-22 inHg\u2019den elde edilebilen maksimum vakum aral\u0131klar\u0131.<\/i><\/p>\n","protected":false},"featured_media":3786,"template":"","meta":{"_acf_changed":false},"product_brand":[],"product_cat":[91],"product_tag":[],"class_list":{"0":"post-3770","1":"product","2":"type-product","3":"status-publish","4":"has-post-thumbnail","6":"product_cat-protez-ayak","8":"first","9":"instock","10":"shipping-taxable","11":"product-type-simple"},"acf":[],"_links":{"self":[{"href":"https:\/\/www.college-park.us\/tr\/wp-json\/wp\/v2\/product\/3770","targetHints":{"allow":["GET"]}}],"collection":[{"href":"https:\/\/www.college-park.us\/tr\/wp-json\/wp\/v2\/product"}],"about":[{"href":"https:\/\/www.college-park.us\/tr\/wp-json\/wp\/v2\/types\/product"}],"wp:featuredmedia":[{"embeddable":true,"href":"https:\/\/www.college-park.us\/tr\/wp-json\/wp\/v2\/media\/3786"}],"wp:attachment":[{"href":"https:\/\/www.college-park.us\/tr\/wp-json\/wp\/v2\/media?parent=3770"}],"wp:term":[{"taxonomy":"product_brand","embeddable":true,"href":"https:\/\/www.college-park.us\/tr\/wp-json\/wp\/v2\/product_brand?post=3770"},{"taxonomy":"product_cat","embeddable":true,"href":"https:\/\/www.college-park.us\/tr\/wp-json\/wp\/v2\/product_cat?post=3770"},{"taxonomy":"product_tag","embeddable":true,"href":"https:\/\/www.college-park.us\/tr\/wp-json\/wp\/v2\/product_tag?post=3770"}],"curies":[{"name":"wp","href":"https:\/\/api.w.org\/{rel}","templated":true}]}}