{"id":5119,"date":"2023-05-24T16:00:33","date_gmt":"2023-05-24T16:00:33","guid":{"rendered":"https:\/\/www.college-park.us\/product\/aviator\/"},"modified":"2023-05-24T16:36:45","modified_gmt":"2023-05-24T16:36:45","slug":"aviator","status":"publish","type":"product","link":"https:\/\/www.college-park.us\/tr\/urun\/aviator\/","title":{"rendered":"Aviator"},"content":{"rendered":"","protected":false},"excerpt":{"rendered":"<h2>Aviator ile Hayat\u0131n \u0130\u00e7inde S\u00fcz\u00fclerek U\u00e7un<\/h2>\n<p>Bu yeni, hafif ayak, her ad\u0131mda y\u00fcksek enerji d\u00f6n\u00fc\u015f\u00fc, konfor ve dikey \u015fok emilimi sa\u011flamak \u00fczere tasarlanm\u0131\u015ft\u0131r. Esnek Intelliweave\u00ae kompozitleri dinamik karbon fiber ile birle\u015ftiren \u015f\u0131k Aviator, yaylar\u0131nda hibrit bir malzeme yakla\u015f\u0131m\u0131 kullanmaktad\u0131r. Bu \u00f6zellikler, \u00e7ok \u00e7e\u015fitli aktivitelere ve kullan\u0131c\u0131lara uyum sa\u011flamak \u00fczere \u00fcst\u00fcn hareket aral\u0131\u011f\u0131 sunar. Hayat t\u00fcrb\u00fclansl\u0131 oldu\u011funda, Aviator rotan\u0131z\u0131 koruman\u0131za yard\u0131mc\u0131 olabilir.<\/p>\n","protected":false},"featured_media":5021,"template":"","meta":{"_acf_changed":false},"product_cat":[91],"product_tag":[],"acf":[],"_links":{"self":[{"href":"https:\/\/www.college-park.us\/tr\/wp-json\/wp\/v2\/product\/5119"}],"collection":[{"href":"https:\/\/www.college-park.us\/tr\/wp-json\/wp\/v2\/product"}],"about":[{"href":"https:\/\/www.college-park.us\/tr\/wp-json\/wp\/v2\/types\/product"}],"wp:featuredmedia":[{"embeddable":true,"href":"https:\/\/www.college-park.us\/tr\/wp-json\/wp\/v2\/media\/5021"}],"wp:attachment":[{"href":"https:\/\/www.college-park.us\/tr\/wp-json\/wp\/v2\/media?parent=5119"}],"wp:term":[{"taxonomy":"product_cat","embeddable":true,"href":"https:\/\/www.college-park.us\/tr\/wp-json\/wp\/v2\/product_cat?post=5119"},{"taxonomy":"product_tag","embeddable":true,"href":"https:\/\/www.college-park.us\/tr\/wp-json\/wp\/v2\/product_tag?post=5119"}],"curies":[{"name":"wp","href":"https:\/\/api.w.org\/{rel}","templated":true}]}}