{"id":6278,"date":"2024-08-20T14:22:52","date_gmt":"2024-08-20T14:22:52","guid":{"rendered":"https:\/\/www.college-park.us\/product\/aura\/"},"modified":"2024-08-21T19:01:57","modified_gmt":"2024-08-21T19:01:57","slug":"aura","status":"publish","type":"product","link":"https:\/\/www.college-park.us\/tr\/urun\/aura\/","title":{"rendered":"Aura"},"content":{"rendered":"","protected":false},"excerpt":{"rendered":"<p>College Park&#8217;ta ideal Aura \u00fcr\u00fcn\u00fcm\u00fcz rahatlat\u0131c\u0131, sezgisel ve sa\u011flam temelli bir \u00fcr\u00fcnd\u00fcr. Yeni Aura polisentrik diz, d\u00fc\u015f\u00fck d\u00fczeyde darbe gerektiren kullan\u0131c\u0131lara denge ve rahatl\u0131k sunmak \u00fczere tasarlanm\u0131\u015ft\u0131r. Benzersiz bir kilitleme mekanizmas\u0131 ve 4 mm&#8217;lik basit ayarlar\u0131yla Aura, yaln\u0131zca fiziksel deste\u011fin \u00f6tesine ge\u00e7er. Hareketlilik hedefleri ve yeni ke\u015ffedilmi\u015f i\u00e7 huzurun kap\u0131lar\u0131n\u0131 a\u00e7abilir.<\/p>\n","protected":false},"featured_media":6156,"template":"","meta":{"_acf_changed":false},"product_brand":[],"product_cat":[90],"product_tag":[],"class_list":{"0":"post-6278","1":"product","2":"type-product","3":"status-publish","4":"has-post-thumbnail","6":"product_cat-dizler","8":"first","9":"instock","10":"shipping-taxable","11":"product-type-simple"},"acf":[],"_links":{"self":[{"href":"https:\/\/www.college-park.us\/tr\/wp-json\/wp\/v2\/product\/6278","targetHints":{"allow":["GET"]}}],"collection":[{"href":"https:\/\/www.college-park.us\/tr\/wp-json\/wp\/v2\/product"}],"about":[{"href":"https:\/\/www.college-park.us\/tr\/wp-json\/wp\/v2\/types\/product"}],"wp:featuredmedia":[{"embeddable":true,"href":"https:\/\/www.college-park.us\/tr\/wp-json\/wp\/v2\/media\/6156"}],"wp:attachment":[{"href":"https:\/\/www.college-park.us\/tr\/wp-json\/wp\/v2\/media?parent=6278"}],"wp:term":[{"taxonomy":"product_brand","embeddable":true,"href":"https:\/\/www.college-park.us\/tr\/wp-json\/wp\/v2\/product_brand?post=6278"},{"taxonomy":"product_cat","embeddable":true,"href":"https:\/\/www.college-park.us\/tr\/wp-json\/wp\/v2\/product_cat?post=6278"},{"taxonomy":"product_tag","embeddable":true,"href":"https:\/\/www.college-park.us\/tr\/wp-json\/wp\/v2\/product_tag?post=6278"}],"curies":[{"name":"wp","href":"https:\/\/api.w.org\/{rel}","templated":true}]}}