{"id":6297,"date":"2024-08-30T13:29:17","date_gmt":"2024-08-30T13:29:17","guid":{"rendered":"https:\/\/www.college-park.us\/?post_type=product&#038;p=6297"},"modified":"2024-08-30T14:05:52","modified_gmt":"2024-08-30T14:05:52","slug":"icon","status":"publish","type":"product","link":"https:\/\/www.college-park.us\/tr\/urun\/icon\/","title":{"rendered":"Icon"},"content":{"rendered":"","protected":false},"excerpt":{"rendered":"<h2>Yeni M\u00fckemmellik Standard\u0131<\/h2>\n<p>Icon mikro i\u015flemcili diz, hastalar ve klinisyenler i\u00e7in kullan\u0131c\u0131 dostu bir deneyim sunuyor. Hassas sens\u00f6rler, kolayla\u015ft\u0131r\u0131lm\u0131\u015f kurulum ve sezgisel Stride Studio uygulamas\u0131yla bu dinamik diz, kullan\u0131c\u0131 g\u00fcvenini art\u0131rmak \u00fczere tasarlanm\u0131\u015ft\u0131r. Klinisyenler Stride Studio&#8217;da t\u00fcm ayarlara, \u00f6zel modlara ve daha fazlas\u0131na kolayca eri\u015febilir. Ekibimiz, ola\u011fan\u00fcst\u00fc do\u011fruluk, tepki s\u00fcresi ve a\u011f\u0131rl\u0131k tasarrufu sa\u011flayarak Icon&#8217;u benzersiz bir konuma getirmek i\u00e7in tescilli bir teknoloji geli\u015ftirdi. Uzun \u00f6m\u00fcrl\u00fc bir pil ve IP68 derecesi ile donat\u0131lan Icon, d\u00fc\u015f\u00fck ila y\u00fcksek aktiviteli kullan\u0131c\u0131lar i\u00e7in \u00e7ok y\u00f6nl\u00fc bir \u00e7\u00f6z\u00fcmd\u00fcr.<\/p>\n","protected":false},"featured_media":6369,"template":"","meta":{"_acf_changed":false},"product_brand":[],"product_cat":[90],"product_tag":[],"class_list":{"0":"post-6297","1":"product","2":"type-product","3":"status-publish","4":"has-post-thumbnail","6":"product_cat-dizler","8":"first","9":"instock","10":"shipping-taxable","11":"product-type-simple"},"acf":[],"_links":{"self":[{"href":"https:\/\/www.college-park.us\/tr\/wp-json\/wp\/v2\/product\/6297","targetHints":{"allow":["GET"]}}],"collection":[{"href":"https:\/\/www.college-park.us\/tr\/wp-json\/wp\/v2\/product"}],"about":[{"href":"https:\/\/www.college-park.us\/tr\/wp-json\/wp\/v2\/types\/product"}],"wp:featuredmedia":[{"embeddable":true,"href":"https:\/\/www.college-park.us\/tr\/wp-json\/wp\/v2\/media\/6369"}],"wp:attachment":[{"href":"https:\/\/www.college-park.us\/tr\/wp-json\/wp\/v2\/media?parent=6297"}],"wp:term":[{"taxonomy":"product_brand","embeddable":true,"href":"https:\/\/www.college-park.us\/tr\/wp-json\/wp\/v2\/product_brand?post=6297"},{"taxonomy":"product_cat","embeddable":true,"href":"https:\/\/www.college-park.us\/tr\/wp-json\/wp\/v2\/product_cat?post=6297"},{"taxonomy":"product_tag","embeddable":true,"href":"https:\/\/www.college-park.us\/tr\/wp-json\/wp\/v2\/product_tag?post=6297"}],"curies":[{"name":"wp","href":"https:\/\/api.w.org\/{rel}","templated":true}]}}